{"id":3615,"date":"2024-03-02T18:40:33","date_gmt":"2024-03-02T18:40:33","guid":{"rendered":"https:\/\/ctltxikilandia.com\/?page_id=3615"},"modified":"2024-03-02T22:17:41","modified_gmt":"2024-03-02T22:17:41","slug":"politica-de-cookies","status":"publish","type":"page","link":"https:\/\/ctltxikilandia.com\/eus\/politica-de-cookies\/","title":{"rendered":"Pol\u00edtica de cookies"},"content":{"rendered":"<div data-elementor-type=\"wp-page\" data-elementor-id=\"3615\" class=\"elementor elementor-3615\" data-elementor-settings=\"{&quot;ha_cmc_init_switcher&quot;:&quot;no&quot;}\">\n\t\t\t\t\t\t<section class=\"elementor-section elementor-top-section elementor-element elementor-element-bf32dba ct-section-stretched elementor-section-boxed elementor-section-height-default elementor-section-height-default wpr-particle-no wpr-jarallax-no wpr-parallax-no wpr-sticky-section-no wpr-equal-height-no\" data-id=\"bf32dba\" data-element_type=\"section\" data-e-type=\"section\" data-settings=\"{&quot;background_background&quot;:&quot;classic&quot;,&quot;_ha_eqh_enable&quot;:false}\">\n\t\t\t\t\t\t<div class=\"elementor-container elementor-column-gap-default\">\n\t\t\t\t\t<div class=\"elementor-column elementor-col-100 elementor-top-column elementor-element elementor-element-008e9e2\" data-id=\"008e9e2\" data-element_type=\"column\" data-e-type=\"column\">\n\t\t\t<div class=\"elementor-widget-wrap elementor-element-populated\">\n\t\t\t\t\t\t<div class=\"elementor-element elementor-element-1454295 elementor-widget elementor-widget-spacer\" data-id=\"1454295\" data-element_type=\"widget\" data-e-type=\"widget\" data-widget_type=\"spacer.default\">\n\t\t\t\t<div class=\"elementor-widget-container\">\n\t\t\t\t\t\t\t<div class=\"elementor-spacer\">\n\t\t\t<div class=\"elementor-spacer-inner\"><\/div>\n\t\t<\/div>\n\t\t\t\t\t\t<\/div>\n\t\t\t\t<\/div>\n\t\t\t\t<div class=\"elementor-element elementor-element-f17121c elementor-widget elementor-widget-heading\" data-id=\"f17121c\" data-element_type=\"widget\" data-e-type=\"widget\" data-widget_type=\"heading.default\">\n\t\t\t\t<div class=\"elementor-widget-container\">\n\t\t\t\t\t<h1 class=\"elementor-heading-title elementor-size-default\">POL\u00cdTICA DE COOKIES<\/h1>\t\t\t\t<\/div>\n\t\t\t\t<\/div>\n\t\t\t\t<div class=\"elementor-element elementor-element-4521fd4 elementor-widget elementor-widget-spacer\" data-id=\"4521fd4\" data-element_type=\"widget\" data-e-type=\"widget\" data-widget_type=\"spacer.default\">\n\t\t\t\t<div class=\"elementor-widget-container\">\n\t\t\t\t\t\t\t<div class=\"elementor-spacer\">\n\t\t\t<div class=\"elementor-spacer-inner\"><\/div>\n\t\t<\/div>\n\t\t\t\t\t\t<\/div>\n\t\t\t\t<\/div>\n\t\t\t\t\t<\/div>\n\t\t<\/div>\n\t\t\t\t\t<\/div>\n\t\t<\/section>\n\t\t\t\t<section class=\"elementor-section elementor-top-section elementor-element elementor-element-fe86623 elementor-section-boxed elementor-section-height-default elementor-section-height-default wpr-particle-no wpr-jarallax-no wpr-parallax-no wpr-sticky-section-no wpr-equal-height-no\" data-id=\"fe86623\" data-element_type=\"section\" data-e-type=\"section\" data-settings=\"{&quot;_ha_eqh_enable&quot;:false}\">\n\t\t\t\t\t\t<div class=\"elementor-container elementor-column-gap-default\">\n\t\t\t\t\t<div class=\"elementor-column elementor-col-100 elementor-top-column elementor-element elementor-element-f886e76\" data-id=\"f886e76\" data-element_type=\"column\" data-e-type=\"column\">\n\t\t\t<div class=\"elementor-widget-wrap elementor-element-populated\">\n\t\t\t\t\t\t<div class=\"elementor-element elementor-element-1dd29cb elementor-widget elementor-widget-spacer\" data-id=\"1dd29cb\" data-element_type=\"widget\" data-e-type=\"widget\" data-widget_type=\"spacer.default\">\n\t\t\t\t<div class=\"elementor-widget-container\">\n\t\t\t\t\t\t\t<div class=\"elementor-spacer\">\n\t\t\t<div class=\"elementor-spacer-inner\"><\/div>\n\t\t<\/div>\n\t\t\t\t\t\t<\/div>\n\t\t\t\t<\/div>\n\t\t\t\t\t<\/div>\n\t\t<\/div>\n\t\t\t\t\t<\/div>\n\t\t<\/section>\n\t\t\t\t<section class=\"elementor-section elementor-top-section elementor-element elementor-element-16c005fb elementor-section-boxed elementor-section-height-default elementor-section-height-default wpr-particle-no wpr-jarallax-no wpr-parallax-no wpr-sticky-section-no wpr-equal-height-no\" data-id=\"16c005fb\" data-element_type=\"section\" data-e-type=\"section\" data-settings=\"{&quot;_ha_eqh_enable&quot;:false}\">\n\t\t\t\t\t\t<div class=\"elementor-container elementor-column-gap-default\">\n\t\t\t\t\t<div class=\"elementor-column elementor-col-100 elementor-top-column elementor-element elementor-element-4725c926\" data-id=\"4725c926\" data-element_type=\"column\" data-e-type=\"column\">\n\t\t\t<div class=\"elementor-widget-wrap elementor-element-populated\">\n\t\t\t\t\t\t<div class=\"elementor-element elementor-element-2c18ff5c elementor-widget elementor-widget-text-editor\" data-id=\"2c18ff5c\" data-element_type=\"widget\" data-e-type=\"widget\" data-widget_type=\"text-editor.default\">\n\t\t\t\t<div class=\"elementor-widget-container\">\n\t\t\t\t\t\t\t\t\t<h5 class=\"wp-block-heading\">\u00daltima actualizaci\u00f3n: marzo 2024<\/h5>\n<p><!-- \/wp:heading --><!-- wp:paragraph --><\/p>\n<p style=\"text-align: justify;\">Esta p\u00e1gina web utiliza cookies para mejorar la experiencia del usuario. Al utilizar nuestro sitio web, aceptas todas las cookies de acuerdo con nuestra pol\u00edtica. Si no est\u00e1s de acuerdo, puedes ajustar la configuraci\u00f3n de tu navegador para rechazar las cookies o abandonar nuestro sitio.<\/p>\n<p><!-- \/wp:paragraph --><!-- wp:heading {\"level\":5} --><\/p>\n<h5 class=\"wp-block-heading\"><strong>\u00bfQu\u00e9 son las cookies?<\/strong><\/h5>\n<p><!-- \/wp:heading --><!-- wp:paragraph --><\/p>\n<p style=\"text-align: justify;\">Las cookies son peque\u00f1os archivos de texto que se almacenan en tu dispositivo cuando visitas un sitio web. Estos archivos contienen informaci\u00f3n que se utiliza para mejorar la experiencia de navegaci\u00f3n y proporcionar datos an\u00f3nimos para an\u00e1lisis.<\/p>\n<p><!-- \/wp:paragraph --><!-- wp:heading {\"level\":5} --><\/p>\n<h5 class=\"wp-block-heading\">Tipos de cookies que utilizamos<\/h5>\n<p><!-- \/wp:heading --><!-- wp:paragraph --><\/p>\n<p><strong>Cookies esenciales:<\/strong><\/p>\n<p><!-- \/wp:paragraph --><!-- wp:paragraph --><\/p>\n<p style=\"text-align: justify;\">Estas cookies son necesarias para el funcionamiento b\u00e1sico del sitio web. Incluyen, por ejemplo, cookies que te permiten iniciar sesi\u00f3n en \u00e1reas seguras de nuestro sitio.<\/p>\n<p><!-- \/wp:paragraph --><!-- wp:paragraph --><\/p>\n<p><strong>Cookies de rendimiento:<\/strong><\/p>\n<p><!-- \/wp:paragraph --><!-- wp:paragraph --><\/p>\n<p style=\"text-align: justify;\">Estas cookies recopilan informaci\u00f3n sobre c\u00f3mo los visitantes utilizan nuestro sitio web, por ejemplo, qu\u00e9 p\u00e1ginas visitan con mayor frecuencia. Utilizamos esta informaci\u00f3n para mejorar la funcionalidad del sitio.<\/p>\n<p><!-- \/wp:paragraph --><!-- wp:paragraph --><\/p>\n<p><strong>Cookies de funcionalidad:<\/strong><\/p>\n<p><!-- \/wp:paragraph --><!-- wp:paragraph --><\/p>\n<p style=\"text-align: justify;\">Estas cookies se utilizan para reconocerte cuando regresas a nuestro sitio web y nos permiten personalizar el contenido seg\u00fan tus preferencias, como tu idioma preferido o la regi\u00f3n en la que te encuentras.<\/p>\n<p><!-- \/wp:paragraph --><!-- wp:heading {\"level\":5} --><\/p>\n<h5 class=\"wp-block-heading\">C\u00f3mo gestionar las cookies<\/h5>\n<p><!-- \/wp:heading --><!-- wp:paragraph --><\/p>\n<p style=\"text-align: justify;\">Puedes gestionar las cookies ajustando la configuraci\u00f3n de tu navegador. Ten en cuenta que la desactivaci\u00f3n de ciertas cookies puede afectar la funcionalidad de nuestro sitio web.<\/p>\n<p><!-- \/wp:paragraph --><!-- wp:heading {\"level\":5} --><\/p>\n<h5 class=\"wp-block-heading\">Cambios en nuestra pol\u00edtica de cookies<\/h5>\n<p><!-- \/wp:heading --><!-- wp:paragraph --><\/p>\n<p style=\"text-align: justify;\">Nos reservamos el derecho de actualizar esta pol\u00edtica de cookies en cualquier momento. Se te notificar\u00e1n los cambios significativos a trav\u00e9s de nuestro sitio web.<\/p>\n<p><!-- \/wp:paragraph --><!-- wp:paragraph --><\/p>\n<p style=\"text-align: justify;\">Si tienes alguna pregunta sobre nuestra pol\u00edtica de cookies, no dudes en ponerte en contacto con nosotros.<\/p>\n<p><!-- \/wp:paragraph --><!-- wp:paragraph --><\/p>\n<p>Gracias por visitar nuestro sitio web.<\/p>\t\t\t\t\t\t\t\t<\/div>\n\t\t\t\t<\/div>\n\t\t\t\t\t<\/div>\n\t\t<\/div>\n\t\t\t\t\t<\/div>\n\t\t<\/section>\n\t\t\t\t<section class=\"elementor-section elementor-top-section elementor-element elementor-element-cde43d6 elementor-section-boxed elementor-section-height-default elementor-section-height-default wpr-particle-no wpr-jarallax-no wpr-parallax-no wpr-sticky-section-no wpr-equal-height-no\" data-id=\"cde43d6\" data-element_type=\"section\" data-e-type=\"section\" data-settings=\"{&quot;_ha_eqh_enable&quot;:false}\">\n\t\t\t\t\t\t<div class=\"elementor-container elementor-column-gap-default\">\n\t\t\t\t\t<div class=\"elementor-column elementor-col-100 elementor-top-column elementor-element elementor-element-de53233\" data-id=\"de53233\" data-element_type=\"column\" data-e-type=\"column\">\n\t\t\t<div class=\"elementor-widget-wrap elementor-element-populated\">\n\t\t\t\t\t\t<div class=\"elementor-element elementor-element-ae0b378 elementor-widget elementor-widget-spacer\" data-id=\"ae0b378\" data-element_type=\"widget\" data-e-type=\"widget\" data-widget_type=\"spacer.default\">\n\t\t\t\t<div class=\"elementor-widget-container\">\n\t\t\t\t\t\t\t<div class=\"elementor-spacer\">\n\t\t\t<div class=\"elementor-spacer-inner\"><\/div>\n\t\t<\/div>\n\t\t\t\t\t\t<\/div>\n\t\t\t\t<\/div>\n\t\t\t\t\t<\/div>\n\t\t<\/div>\n\t\t\t\t\t<\/div>\n\t\t<\/section>\n\t\t\t\t<\/div>","protected":false},"excerpt":{"rendered":"<p>POL\u00cdTICA DE COOKIES \u00daltima actualizaci\u00f3n: marzo 2024 Esta p\u00e1gina web utiliza cookies para mejorar la experiencia del usuario. Al utilizar nuestro sitio web, aceptas todas las cookies de acuerdo con nuestra pol\u00edtica. Si no est\u00e1s de acuerdo, puedes ajustar la configuraci\u00f3n de tu navegador para rechazar las cookies o abandonar nuestro sitio. \u00bfQu\u00e9 son las cookies? Las cookies son peque\u00f1os archivos de texto que se almacenan en tu dispositivo cuando visitas un sitio web. Estos archivos contienen informaci\u00f3n que se utiliza para mejorar la experiencia de navegaci\u00f3n y proporcionar datos an\u00f3nimos para an\u00e1lisis. Tipos de cookies que utilizamos Cookies esenciales: Estas cookies son necesarias para el funcionamiento b\u00e1sico del sitio web. Incluyen, por ejemplo, cookies que te permiten iniciar sesi\u00f3n en \u00e1reas seguras de nuestro sitio. Cookies de rendimiento: Estas cookies recopilan informaci\u00f3n sobre c\u00f3mo los visitantes utilizan nuestro sitio web, por ejemplo, qu\u00e9 p\u00e1ginas visitan con mayor frecuencia. Utilizamos esta informaci\u00f3n para mejorar la funcionalidad del sitio. Cookies de funcionalidad: Estas cookies se utilizan para reconocerte cuando regresas a nuestro sitio web y nos permiten personalizar el contenido seg\u00fan tus preferencias, como tu idioma preferido o la regi\u00f3n en la que te encuentras. C\u00f3mo gestionar las cookies Puedes gestionar las cookies ajustando la configuraci\u00f3n de tu navegador. Ten en cuenta que la desactivaci\u00f3n de ciertas cookies puede afectar la funcionalidad de nuestro sitio web. Cambios en nuestra pol\u00edtica de cookies Nos reservamos el derecho de actualizar esta pol\u00edtica de cookies en cualquier momento. Se te notificar\u00e1n los cambios significativos a trav\u00e9s de nuestro sitio web. Si tienes alguna pregunta sobre nuestra pol\u00edtica de cookies, no dudes en ponerte en contacto con nosotros. Gracias por visitar nuestro sitio web.<\/p>","protected":false},"author":1,"featured_media":0,"parent":0,"menu_order":0,"comment_status":"closed","ping_status":"closed","template":"","meta":{"_eb_attr":"","footnotes":""},"wf_page_folders":[20],"class_list":["post-3615","page","type-page","status-publish","hentry"],"blocksy_meta":[],"yoast_head":"<!-- This site is optimized with the Yoast SEO plugin v27.4 - https:\/\/yoast.com\/product\/yoast-seo-wordpress\/ -->\n<title>Pol\u00edtica de cookies - CTL Txikilandia<\/title>\n<meta name=\"robots\" content=\"index, follow, max-snippet:-1, max-image-preview:large, max-video-preview:-1\" \/>\n<link rel=\"canonical\" href=\"https:\/\/ctltxikilandia.com\/eus\/politica-de-cookies\/\" \/>\n<meta property=\"og:locale\" content=\"en_US\" \/>\n<meta property=\"og:type\" content=\"article\" \/>\n<meta property=\"og:title\" content=\"Pol\u00edtica de cookies - CTL Txikilandia\" \/>\n<meta property=\"og:description\" content=\"POL\u00cdTICA DE COOKIES \u00daltima actualizaci\u00f3n: marzo 2024 Esta p\u00e1gina web utiliza cookies para mejorar la experiencia del usuario. Al utilizar nuestro sitio web, aceptas todas las cookies de acuerdo con nuestra pol\u00edtica. Si no est\u00e1s de acuerdo, puedes ajustar la configuraci\u00f3n de tu navegador para rechazar las cookies o abandonar nuestro sitio. \u00bfQu\u00e9 son las cookies? Las cookies son peque\u00f1os archivos de texto que se almacenan en tu dispositivo cuando visitas un sitio web. Estos archivos contienen informaci\u00f3n que se utiliza para mejorar la experiencia de navegaci\u00f3n y proporcionar datos an\u00f3nimos para an\u00e1lisis. Tipos de cookies que utilizamos Cookies esenciales: Estas cookies son necesarias para el funcionamiento b\u00e1sico del sitio web. Incluyen, por ejemplo, cookies que te permiten iniciar sesi\u00f3n en \u00e1reas seguras de nuestro sitio. Cookies de rendimiento: Estas cookies recopilan informaci\u00f3n sobre c\u00f3mo los visitantes utilizan nuestro sitio web, por ejemplo, qu\u00e9 p\u00e1ginas visitan con mayor frecuencia. Utilizamos esta informaci\u00f3n para mejorar la funcionalidad del sitio. Cookies de funcionalidad: Estas cookies se utilizan para reconocerte cuando regresas a nuestro sitio web y nos permiten personalizar el contenido seg\u00fan tus preferencias, como tu idioma preferido o la regi\u00f3n en la que te encuentras. C\u00f3mo gestionar las cookies Puedes gestionar las cookies ajustando la configuraci\u00f3n de tu navegador. Ten en cuenta que la desactivaci\u00f3n de ciertas cookies puede afectar la funcionalidad de nuestro sitio web. Cambios en nuestra pol\u00edtica de cookies Nos reservamos el derecho de actualizar esta pol\u00edtica de cookies en cualquier momento. Se te notificar\u00e1n los cambios significativos a trav\u00e9s de nuestro sitio web. Si tienes alguna pregunta sobre nuestra pol\u00edtica de cookies, no dudes en ponerte en contacto con nosotros. Gracias por visitar nuestro sitio web.\" \/>\n<meta property=\"og:url\" content=\"https:\/\/ctltxikilandia.com\/eus\/politica-de-cookies\/\" \/>\n<meta property=\"og:site_name\" content=\"CTL Txikilandia\" \/>\n<meta property=\"article:publisher\" content=\"https:\/\/www.facebook.com\/Txikilandia\/?locale=es_ES\" \/>\n<meta property=\"article:modified_time\" content=\"2024-03-02T22:17:41+00:00\" \/>\n<meta property=\"og:image\" content=\"https:\/\/ctltxikilandia.com\/wp-content\/uploads\/2024\/02\/Imagen-del-sitio.png\" \/>\n\t<meta property=\"og:image:width\" content=\"1200\" \/>\n\t<meta property=\"og:image:height\" content=\"675\" \/>\n\t<meta property=\"og:image:type\" content=\"image\/png\" \/>\n<meta name=\"twitter:card\" content=\"summary_large_image\" \/>\n<meta name=\"twitter:label1\" content=\"Est. reading time\" \/>\n\t<meta name=\"twitter:data1\" content=\"2 minutua\" \/>\n<script type=\"application\/ld+json\" class=\"yoast-schema-graph\">{\"@context\":\"https:\\\/\\\/schema.org\",\"@graph\":[{\"@type\":\"WebPage\",\"@id\":\"https:\\\/\\\/ctltxikilandia.com\\\/politica-de-cookies\\\/\",\"url\":\"https:\\\/\\\/ctltxikilandia.com\\\/politica-de-cookies\\\/\",\"name\":\"Pol\u00edtica de cookies - CTL Txikilandia\",\"isPartOf\":{\"@id\":\"https:\\\/\\\/ctltxikilandia.com\\\/#website\"},\"datePublished\":\"2024-03-02T18:40:33+00:00\",\"dateModified\":\"2024-03-02T22:17:41+00:00\",\"breadcrumb\":{\"@id\":\"https:\\\/\\\/ctltxikilandia.com\\\/politica-de-cookies\\\/#breadcrumb\"},\"inLanguage\":\"eu\",\"potentialAction\":[{\"@type\":\"ReadAction\",\"target\":[\"https:\\\/\\\/ctltxikilandia.com\\\/politica-de-cookies\\\/\"]}]},{\"@type\":\"BreadcrumbList\",\"@id\":\"https:\\\/\\\/ctltxikilandia.com\\\/politica-de-cookies\\\/#breadcrumb\",\"itemListElement\":[{\"@type\":\"ListItem\",\"position\":1,\"name\":\"Home\",\"item\":\"https:\\\/\\\/ctltxikilandia.com\\\/\"},{\"@type\":\"ListItem\",\"position\":2,\"name\":\"Pol\u00edtica de cookies\"}]},{\"@type\":\"WebSite\",\"@id\":\"https:\\\/\\\/ctltxikilandia.com\\\/#website\",\"url\":\"https:\\\/\\\/ctltxikilandia.com\\\/\",\"name\":\"CTL Txikilandia\",\"description\":\"Pagina web oficial de Club de Tiempo Libre Txikilandia\",\"publisher\":{\"@id\":\"https:\\\/\\\/ctltxikilandia.com\\\/#organization\"},\"alternateName\":\"CTL Txikilandia\",\"potentialAction\":[{\"@type\":\"SearchAction\",\"target\":{\"@type\":\"EntryPoint\",\"urlTemplate\":\"https:\\\/\\\/ctltxikilandia.com\\\/?s={search_term_string}\"},\"query-input\":{\"@type\":\"PropertyValueSpecification\",\"valueRequired\":true,\"valueName\":\"search_term_string\"}}],\"inLanguage\":\"eu\"},{\"@type\":\"Organization\",\"@id\":\"https:\\\/\\\/ctltxikilandia.com\\\/#organization\",\"name\":\"CTL Txikilandia\",\"alternateName\":\"CTL Txikilandia\",\"url\":\"https:\\\/\\\/ctltxikilandia.com\\\/\",\"logo\":{\"@type\":\"ImageObject\",\"inLanguage\":\"eu\",\"@id\":\"https:\\\/\\\/ctltxikilandia.com\\\/#\\\/schema\\\/logo\\\/image\\\/\",\"url\":\"https:\\\/\\\/ctltxikilandia.com\\\/wp-content\\\/uploads\\\/2024\\\/02\\\/cropped-Imagen-del-sitio.png\",\"contentUrl\":\"https:\\\/\\\/ctltxikilandia.com\\\/wp-content\\\/uploads\\\/2024\\\/02\\\/cropped-Imagen-del-sitio.png\",\"width\":512,\"height\":512,\"caption\":\"CTL Txikilandia\"},\"image\":{\"@id\":\"https:\\\/\\\/ctltxikilandia.com\\\/#\\\/schema\\\/logo\\\/image\\\/\"},\"sameAs\":[\"https:\\\/\\\/www.facebook.com\\\/Txikilandia\\\/?locale=es_ES\",\"https:\\\/\\\/www.instagram.com\\\/ctl.txikilandia\\\/?hl=es\"]}]}<\/script>\n<!-- \/ Yoast SEO plugin. -->","yoast_head_json":{"title":"Pol\u00edtica de cookies - CTL Txikilandia","robots":{"index":"index","follow":"follow","max-snippet":"max-snippet:-1","max-image-preview":"max-image-preview:large","max-video-preview":"max-video-preview:-1"},"canonical":"https:\/\/ctltxikilandia.com\/eus\/politica-de-cookies\/","og_locale":"en_US","og_type":"article","og_title":"Pol\u00edtica de cookies - CTL Txikilandia","og_description":"POL\u00cdTICA DE COOKIES \u00daltima actualizaci\u00f3n: marzo 2024 Esta p\u00e1gina web utiliza cookies para mejorar la experiencia del usuario. Al utilizar nuestro sitio web, aceptas todas las cookies de acuerdo con nuestra pol\u00edtica. Si no est\u00e1s de acuerdo, puedes ajustar la configuraci\u00f3n de tu navegador para rechazar las cookies o abandonar nuestro sitio. \u00bfQu\u00e9 son las cookies? Las cookies son peque\u00f1os archivos de texto que se almacenan en tu dispositivo cuando visitas un sitio web. Estos archivos contienen informaci\u00f3n que se utiliza para mejorar la experiencia de navegaci\u00f3n y proporcionar datos an\u00f3nimos para an\u00e1lisis. Tipos de cookies que utilizamos Cookies esenciales: Estas cookies son necesarias para el funcionamiento b\u00e1sico del sitio web. Incluyen, por ejemplo, cookies que te permiten iniciar sesi\u00f3n en \u00e1reas seguras de nuestro sitio. Cookies de rendimiento: Estas cookies recopilan informaci\u00f3n sobre c\u00f3mo los visitantes utilizan nuestro sitio web, por ejemplo, qu\u00e9 p\u00e1ginas visitan con mayor frecuencia. Utilizamos esta informaci\u00f3n para mejorar la funcionalidad del sitio. Cookies de funcionalidad: Estas cookies se utilizan para reconocerte cuando regresas a nuestro sitio web y nos permiten personalizar el contenido seg\u00fan tus preferencias, como tu idioma preferido o la regi\u00f3n en la que te encuentras. C\u00f3mo gestionar las cookies Puedes gestionar las cookies ajustando la configuraci\u00f3n de tu navegador. Ten en cuenta que la desactivaci\u00f3n de ciertas cookies puede afectar la funcionalidad de nuestro sitio web. Cambios en nuestra pol\u00edtica de cookies Nos reservamos el derecho de actualizar esta pol\u00edtica de cookies en cualquier momento. Se te notificar\u00e1n los cambios significativos a trav\u00e9s de nuestro sitio web. Si tienes alguna pregunta sobre nuestra pol\u00edtica de cookies, no dudes en ponerte en contacto con nosotros. Gracias por visitar nuestro sitio web.","og_url":"https:\/\/ctltxikilandia.com\/eus\/politica-de-cookies\/","og_site_name":"CTL Txikilandia","article_publisher":"https:\/\/www.facebook.com\/Txikilandia\/?locale=es_ES","article_modified_time":"2024-03-02T22:17:41+00:00","og_image":[{"width":1200,"height":675,"url":"https:\/\/ctltxikilandia.com\/wp-content\/uploads\/2024\/02\/Imagen-del-sitio.png","type":"image\/png"}],"twitter_card":"summary_large_image","twitter_misc":{"Est. reading time":"2 minutua"},"schema":{"@context":"https:\/\/schema.org","@graph":[{"@type":"WebPage","@id":"https:\/\/ctltxikilandia.com\/politica-de-cookies\/","url":"https:\/\/ctltxikilandia.com\/politica-de-cookies\/","name":"Pol\u00edtica de cookies - CTL Txikilandia","isPartOf":{"@id":"https:\/\/ctltxikilandia.com\/#website"},"datePublished":"2024-03-02T18:40:33+00:00","dateModified":"2024-03-02T22:17:41+00:00","breadcrumb":{"@id":"https:\/\/ctltxikilandia.com\/politica-de-cookies\/#breadcrumb"},"inLanguage":"eu","potentialAction":[{"@type":"ReadAction","target":["https:\/\/ctltxikilandia.com\/politica-de-cookies\/"]}]},{"@type":"BreadcrumbList","@id":"https:\/\/ctltxikilandia.com\/politica-de-cookies\/#breadcrumb","itemListElement":[{"@type":"ListItem","position":1,"name":"Home","item":"https:\/\/ctltxikilandia.com\/"},{"@type":"ListItem","position":2,"name":"Pol\u00edtica de cookies"}]},{"@type":"WebSite","@id":"https:\/\/ctltxikilandia.com\/#website","url":"https:\/\/ctltxikilandia.com\/","name":"CTL Txikilandia","description":"Pagina web oficial de Club de Tiempo Libre Txikilandia","publisher":{"@id":"https:\/\/ctltxikilandia.com\/#organization"},"alternateName":"CTL Txikilandia","potentialAction":[{"@type":"SearchAction","target":{"@type":"EntryPoint","urlTemplate":"https:\/\/ctltxikilandia.com\/?s={search_term_string}"},"query-input":{"@type":"PropertyValueSpecification","valueRequired":true,"valueName":"search_term_string"}}],"inLanguage":"eu"},{"@type":"Organization","@id":"https:\/\/ctltxikilandia.com\/#organization","name":"CTL Txikilandia","alternateName":"CTL Txikilandia","url":"https:\/\/ctltxikilandia.com\/","logo":{"@type":"ImageObject","inLanguage":"eu","@id":"https:\/\/ctltxikilandia.com\/#\/schema\/logo\/image\/","url":"https:\/\/ctltxikilandia.com\/wp-content\/uploads\/2024\/02\/cropped-Imagen-del-sitio.png","contentUrl":"https:\/\/ctltxikilandia.com\/wp-content\/uploads\/2024\/02\/cropped-Imagen-del-sitio.png","width":512,"height":512,"caption":"CTL Txikilandia"},"image":{"@id":"https:\/\/ctltxikilandia.com\/#\/schema\/logo\/image\/"},"sameAs":["https:\/\/www.facebook.com\/Txikilandia\/?locale=es_ES","https:\/\/www.instagram.com\/ctl.txikilandia\/?hl=es"]}]}},"_links":{"self":[{"href":"https:\/\/ctltxikilandia.com\/eus\/wp-json\/wp\/v2\/pages\/3615","targetHints":{"allow":["GET"]}}],"collection":[{"href":"https:\/\/ctltxikilandia.com\/eus\/wp-json\/wp\/v2\/pages"}],"about":[{"href":"https:\/\/ctltxikilandia.com\/eus\/wp-json\/wp\/v2\/types\/page"}],"author":[{"embeddable":true,"href":"https:\/\/ctltxikilandia.com\/eus\/wp-json\/wp\/v2\/users\/1"}],"replies":[{"embeddable":true,"href":"https:\/\/ctltxikilandia.com\/eus\/wp-json\/wp\/v2\/comments?post=3615"}],"version-history":[{"count":0,"href":"https:\/\/ctltxikilandia.com\/eus\/wp-json\/wp\/v2\/pages\/3615\/revisions"}],"wp:attachment":[{"href":"https:\/\/ctltxikilandia.com\/eus\/wp-json\/wp\/v2\/media?parent=3615"}],"wp:term":[{"taxonomy":"wf_page_folders","embeddable":true,"href":"https:\/\/ctltxikilandia.com\/eus\/wp-json\/wp\/v2\/wf_page_folders?post=3615"}],"curies":[{"name":"wp","href":"https:\/\/api.w.org\/{rel}","templated":true}]}}