{"id":4832,"date":"2024-10-02T13:51:15","date_gmt":"2024-10-02T13:51:15","guid":{"rendered":"https:\/\/ctltxikilandia.com\/?page_id=4832"},"modified":"2025-06-03T09:35:43","modified_gmt":"2025-06-03T09:35:43","slug":"plan-de-convivencia","status":"publish","type":"page","link":"https:\/\/ctltxikilandia.com\/eus\/plan-de-convivencia\/","title":{"rendered":"PLAN DE CONVIVENCIA"},"content":{"rendered":"<div data-elementor-type=\"wp-page\" data-elementor-id=\"4832\" class=\"elementor elementor-4832\" data-elementor-settings=\"{&quot;ha_cmc_init_switcher&quot;:&quot;no&quot;}\">\n\t\t\t\t\t\t<section class=\"elementor-section elementor-top-section elementor-element elementor-element-3532622 ct-section-stretched elementor-section-boxed elementor-section-height-default elementor-section-height-default wpr-particle-no wpr-jarallax-no wpr-parallax-no wpr-sticky-section-no wpr-equal-height-no\" data-id=\"3532622\" data-element_type=\"section\" data-e-type=\"section\" data-settings=\"{&quot;background_background&quot;:&quot;classic&quot;,&quot;_ha_eqh_enable&quot;:false}\">\n\t\t\t\t\t\t<div class=\"elementor-container elementor-column-gap-default\">\n\t\t\t\t\t<div class=\"elementor-column elementor-col-100 elementor-top-column elementor-element elementor-element-1e174ea\" data-id=\"1e174ea\" data-element_type=\"column\" data-e-type=\"column\">\n\t\t\t<div class=\"elementor-widget-wrap elementor-element-populated\">\n\t\t\t\t\t\t<div class=\"elementor-element elementor-element-3ab0302 elementor-widget elementor-widget-spacer\" data-id=\"3ab0302\" data-element_type=\"widget\" data-e-type=\"widget\" data-widget_type=\"spacer.default\">\n\t\t\t\t<div class=\"elementor-widget-container\">\n\t\t\t\t\t\t\t<div class=\"elementor-spacer\">\n\t\t\t<div class=\"elementor-spacer-inner\"><\/div>\n\t\t<\/div>\n\t\t\t\t\t\t<\/div>\n\t\t\t\t<\/div>\n\t\t\t\t<div class=\"elementor-element elementor-element-2b9e781 elementor-widget elementor-widget-heading\" data-id=\"2b9e781\" data-element_type=\"widget\" data-e-type=\"widget\" data-widget_type=\"heading.default\">\n\t\t\t\t<div class=\"elementor-widget-container\">\n\t\t\t\t\t<h1 class=\"elementor-heading-title elementor-size-default\">PLAN DE CONVIVENCIA<\/h1>\t\t\t\t<\/div>\n\t\t\t\t<\/div>\n\t\t\t\t<div class=\"elementor-element elementor-element-28c6ba7 elementor-widget elementor-widget-spacer\" data-id=\"28c6ba7\" data-element_type=\"widget\" data-e-type=\"widget\" data-widget_type=\"spacer.default\">\n\t\t\t\t<div class=\"elementor-widget-container\">\n\t\t\t\t\t\t\t<div class=\"elementor-spacer\">\n\t\t\t<div class=\"elementor-spacer-inner\"><\/div>\n\t\t<\/div>\n\t\t\t\t\t\t<\/div>\n\t\t\t\t<\/div>\n\t\t\t\t\t<\/div>\n\t\t<\/div>\n\t\t\t\t\t<\/div>\n\t\t<\/section>\n\t\t\t\t<section class=\"elementor-section elementor-top-section elementor-element elementor-element-9e3875e elementor-section-boxed elementor-section-height-default elementor-section-height-default wpr-particle-no wpr-jarallax-no wpr-parallax-no wpr-sticky-section-no wpr-equal-height-no\" data-id=\"9e3875e\" data-element_type=\"section\" data-e-type=\"section\" data-settings=\"{&quot;_ha_eqh_enable&quot;:false}\">\n\t\t\t\t\t\t<div class=\"elementor-container elementor-column-gap-default\">\n\t\t\t\t\t<div class=\"elementor-column elementor-col-100 elementor-top-column elementor-element elementor-element-9cb5b9a\" data-id=\"9cb5b9a\" data-element_type=\"column\" data-e-type=\"column\">\n\t\t\t<div class=\"elementor-widget-wrap elementor-element-populated\">\n\t\t\t\t\t\t<div class=\"elementor-element elementor-element-63aecab elementor-widget elementor-widget-spacer\" data-id=\"63aecab\" data-element_type=\"widget\" data-e-type=\"widget\" data-widget_type=\"spacer.default\">\n\t\t\t\t<div class=\"elementor-widget-container\">\n\t\t\t\t\t\t\t<div class=\"elementor-spacer\">\n\t\t\t<div class=\"elementor-spacer-inner\"><\/div>\n\t\t<\/div>\n\t\t\t\t\t\t<\/div>\n\t\t\t\t<\/div>\n\t\t\t\t<div class=\"elementor-element elementor-element-5440fc2 elementor-widget elementor-widget-text-editor\" data-id=\"5440fc2\" data-element_type=\"widget\" data-e-type=\"widget\" data-widget_type=\"text-editor.default\">\n\t\t\t\t<div class=\"elementor-widget-container\">\n\t\t\t\t\t\t\t\t\t<p><span style=\"font-weight: 400;\">El Plan de Convivencia de Txikilandia es un documento donde se reflejan las normas, estrategias y acciones dise\u00f1adas para fomentar un entorno seguro y respetuoso en todas las actividades de la asociaci\u00f3n. Su objetivo principal es prevenir cualquier conflicto, asegurando una buena convivencia entre todas las personas.<\/span><\/p>\t\t\t\t\t\t\t\t<\/div>\n\t\t\t\t<\/div>\n\t\t\t\t<div class=\"elementor-element elementor-element-817453e elementor-widget elementor-widget-spacer\" data-id=\"817453e\" data-element_type=\"widget\" data-e-type=\"widget\" data-widget_type=\"spacer.default\">\n\t\t\t\t<div class=\"elementor-widget-container\">\n\t\t\t\t\t\t\t<div class=\"elementor-spacer\">\n\t\t\t<div class=\"elementor-spacer-inner\"><\/div>\n\t\t<\/div>\n\t\t\t\t\t\t<\/div>\n\t\t\t\t<\/div>\n\t\t\t\t\t<\/div>\n\t\t<\/div>\n\t\t\t\t\t<\/div>\n\t\t<\/section>\n\t\t\t\t<section class=\"elementor-section elementor-top-section elementor-element elementor-element-c2b8da9 elementor-section-boxed elementor-section-height-default elementor-section-height-default wpr-particle-no wpr-jarallax-no wpr-parallax-no wpr-sticky-section-no wpr-equal-height-no\" data-id=\"c2b8da9\" data-element_type=\"section\" data-e-type=\"section\" data-settings=\"{&quot;_ha_eqh_enable&quot;:false}\">\n\t\t\t\t\t\t<div class=\"elementor-container elementor-column-gap-default\">\n\t\t\t\t\t<div class=\"elementor-column elementor-col-100 elementor-top-column elementor-element elementor-element-07bb9b8\" data-id=\"07bb9b8\" data-element_type=\"column\" data-e-type=\"column\">\n\t\t\t<div class=\"elementor-widget-wrap elementor-element-populated\">\n\t\t\t\t\t\t<div class=\"elementor-element elementor-element-564e58b elementor-widget elementor-widget-pdfjs_viewer\" data-id=\"564e58b\" data-element_type=\"widget\" data-e-type=\"widget\" data-widget_type=\"pdfjs_viewer.default\">\n\t\t\t\t<div class=\"elementor-widget-container\">\n\t\t\t\t\t<iframe src=\"https:\/\/ctltxikilandia.com\/wp-content\/plugins\/pdf-viewer-for-elementor\/assets\/pdfjs\/web\/viewer.html?file=https:\/\/ctltxikilandia.com\/wp-content\/uploads\/2025\/06\/PLAN-DE-CONVIVENCIA-CTL-TXIKILANDIA-2025.pdf&amp;embedded=true\" style=\"display: block; margin-left: auto; margin-right: auto; width: 800px; height: 1020px;\" frameborder=\"1\" marginheight=\"0px\" marginwidth=\"0px\" allowfullscreen><\/iframe>\t\t\t\t<\/div>\n\t\t\t\t<\/div>\n\t\t\t\t\t<\/div>\n\t\t<\/div>\n\t\t\t\t\t<\/div>\n\t\t<\/section>\n\t\t\t\t<section class=\"elementor-section elementor-top-section elementor-element elementor-element-23fa888 elementor-section-boxed elementor-section-height-default elementor-section-height-default wpr-particle-no wpr-jarallax-no wpr-parallax-no wpr-sticky-section-no wpr-equal-height-no\" data-id=\"23fa888\" data-element_type=\"section\" data-e-type=\"section\" data-settings=\"{&quot;_ha_eqh_enable&quot;:false}\">\n\t\t\t\t\t\t<div class=\"elementor-container elementor-column-gap-default\">\n\t\t\t\t\t<div class=\"elementor-column elementor-col-100 elementor-top-column elementor-element elementor-element-f85e229\" data-id=\"f85e229\" data-element_type=\"column\" data-e-type=\"column\">\n\t\t\t<div class=\"elementor-widget-wrap elementor-element-populated\">\n\t\t\t\t\t\t<div class=\"elementor-element elementor-element-9030f55 elementor-widget elementor-widget-spacer\" data-id=\"9030f55\" data-element_type=\"widget\" data-e-type=\"widget\" data-widget_type=\"spacer.default\">\n\t\t\t\t<div class=\"elementor-widget-container\">\n\t\t\t\t\t\t\t<div class=\"elementor-spacer\">\n\t\t\t<div class=\"elementor-spacer-inner\"><\/div>\n\t\t<\/div>\n\t\t\t\t\t\t<\/div>\n\t\t\t\t<\/div>\n\t\t\t\t\t<\/div>\n\t\t<\/div>\n\t\t\t\t\t<\/div>\n\t\t<\/section>\n\t\t\t\t<\/div>","protected":false},"excerpt":{"rendered":"<p>PLAN DE CONVIVENCIA El Plan de Convivencia de Txikilandia es un documento donde se reflejan las normas, estrategias y acciones dise\u00f1adas para fomentar un entorno seguro y respetuoso en todas las actividades de la asociaci\u00f3n. Su objetivo principal es prevenir cualquier conflicto, asegurando una buena convivencia entre todas las personas.<\/p>","protected":false},"author":1,"featured_media":0,"parent":0,"menu_order":0,"comment_status":"closed","ping_status":"closed","template":"","meta":{"_eb_attr":"","footnotes":""},"wf_page_folders":[7],"class_list":["post-4832","page","type-page","status-publish","hentry"],"blocksy_meta":[],"yoast_head":"<!-- This site is optimized with the Yoast SEO plugin v27.4 - https:\/\/yoast.com\/product\/yoast-seo-wordpress\/ -->\n<title>PLAN DE CONVIVENCIA - CTL Txikilandia<\/title>\n<meta name=\"description\" content=\"En esta p\u00e1gina encontrar\u00e1s un PDF adjunto con el plan de convivencia de nuestra asociaci\u00f3n.\" \/>\n<meta name=\"robots\" content=\"index, follow, max-snippet:-1, max-image-preview:large, max-video-preview:-1\" \/>\n<link rel=\"canonical\" href=\"https:\/\/ctltxikilandia.com\/eus\/plan-de-convivencia\/\" \/>\n<meta property=\"og:locale\" content=\"en_US\" \/>\n<meta property=\"og:type\" content=\"article\" \/>\n<meta property=\"og:title\" content=\"PLAN DE CONVIVENCIA - CTL Txikilandia\" \/>\n<meta property=\"og:description\" content=\"En esta p\u00e1gina encontrar\u00e1s un PDF adjunto con el plan de convivencia de nuestra asociaci\u00f3n.\" \/>\n<meta property=\"og:url\" content=\"https:\/\/ctltxikilandia.com\/eus\/plan-de-convivencia\/\" \/>\n<meta property=\"og:site_name\" content=\"CTL Txikilandia\" \/>\n<meta property=\"article:publisher\" content=\"https:\/\/www.facebook.com\/Txikilandia\/?locale=es_ES\" \/>\n<meta property=\"article:modified_time\" content=\"2025-06-03T09:35:43+00:00\" \/>\n<meta property=\"og:image\" content=\"https:\/\/ctltxikilandia.com\/wp-content\/uploads\/2024\/02\/Imagen-del-sitio.png\" \/>\n\t<meta property=\"og:image:width\" content=\"1200\" \/>\n\t<meta property=\"og:image:height\" content=\"675\" \/>\n\t<meta property=\"og:image:type\" content=\"image\/png\" \/>\n<meta name=\"twitter:card\" content=\"summary_large_image\" \/>\n<meta name=\"twitter:label1\" content=\"Est. reading time\" \/>\n\t<meta name=\"twitter:data1\" content=\"1 minutua\" \/>\n<script type=\"application\/ld+json\" class=\"yoast-schema-graph\">{\"@context\":\"https:\\\/\\\/schema.org\",\"@graph\":[{\"@type\":\"WebPage\",\"@id\":\"https:\\\/\\\/ctltxikilandia.com\\\/plan-de-convivencia\\\/\",\"url\":\"https:\\\/\\\/ctltxikilandia.com\\\/plan-de-convivencia\\\/\",\"name\":\"PLAN DE CONVIVENCIA - CTL Txikilandia\",\"isPartOf\":{\"@id\":\"https:\\\/\\\/ctltxikilandia.com\\\/#website\"},\"datePublished\":\"2024-10-02T13:51:15+00:00\",\"dateModified\":\"2025-06-03T09:35:43+00:00\",\"description\":\"En esta p\u00e1gina encontrar\u00e1s un PDF adjunto con el plan de convivencia de nuestra asociaci\u00f3n.\",\"breadcrumb\":{\"@id\":\"https:\\\/\\\/ctltxikilandia.com\\\/plan-de-convivencia\\\/#breadcrumb\"},\"inLanguage\":\"eu\",\"potentialAction\":[{\"@type\":\"ReadAction\",\"target\":[\"https:\\\/\\\/ctltxikilandia.com\\\/plan-de-convivencia\\\/\"]}]},{\"@type\":\"BreadcrumbList\",\"@id\":\"https:\\\/\\\/ctltxikilandia.com\\\/plan-de-convivencia\\\/#breadcrumb\",\"itemListElement\":[{\"@type\":\"ListItem\",\"position\":1,\"name\":\"Home\",\"item\":\"https:\\\/\\\/ctltxikilandia.com\\\/\"},{\"@type\":\"ListItem\",\"position\":2,\"name\":\"PLAN DE CONVIVENCIA\"}]},{\"@type\":\"WebSite\",\"@id\":\"https:\\\/\\\/ctltxikilandia.com\\\/#website\",\"url\":\"https:\\\/\\\/ctltxikilandia.com\\\/\",\"name\":\"CTL Txikilandia\",\"description\":\"Pagina web oficial de Club de Tiempo Libre Txikilandia\",\"publisher\":{\"@id\":\"https:\\\/\\\/ctltxikilandia.com\\\/#organization\"},\"alternateName\":\"CTL Txikilandia\",\"potentialAction\":[{\"@type\":\"SearchAction\",\"target\":{\"@type\":\"EntryPoint\",\"urlTemplate\":\"https:\\\/\\\/ctltxikilandia.com\\\/?s={search_term_string}\"},\"query-input\":{\"@type\":\"PropertyValueSpecification\",\"valueRequired\":true,\"valueName\":\"search_term_string\"}}],\"inLanguage\":\"eu\"},{\"@type\":\"Organization\",\"@id\":\"https:\\\/\\\/ctltxikilandia.com\\\/#organization\",\"name\":\"CTL Txikilandia\",\"alternateName\":\"CTL Txikilandia\",\"url\":\"https:\\\/\\\/ctltxikilandia.com\\\/\",\"logo\":{\"@type\":\"ImageObject\",\"inLanguage\":\"eu\",\"@id\":\"https:\\\/\\\/ctltxikilandia.com\\\/#\\\/schema\\\/logo\\\/image\\\/\",\"url\":\"https:\\\/\\\/ctltxikilandia.com\\\/wp-content\\\/uploads\\\/2024\\\/02\\\/cropped-Imagen-del-sitio.png\",\"contentUrl\":\"https:\\\/\\\/ctltxikilandia.com\\\/wp-content\\\/uploads\\\/2024\\\/02\\\/cropped-Imagen-del-sitio.png\",\"width\":512,\"height\":512,\"caption\":\"CTL Txikilandia\"},\"image\":{\"@id\":\"https:\\\/\\\/ctltxikilandia.com\\\/#\\\/schema\\\/logo\\\/image\\\/\"},\"sameAs\":[\"https:\\\/\\\/www.facebook.com\\\/Txikilandia\\\/?locale=es_ES\",\"https:\\\/\\\/www.instagram.com\\\/ctl.txikilandia\\\/?hl=es\"]}]}<\/script>\n<!-- \/ Yoast SEO plugin. -->","yoast_head_json":{"title":"PLAN DE CONVIVENCIA - CTL Txikilandia","description":"En esta p\u00e1gina encontrar\u00e1s un PDF adjunto con el plan de convivencia de nuestra asociaci\u00f3n.","robots":{"index":"index","follow":"follow","max-snippet":"max-snippet:-1","max-image-preview":"max-image-preview:large","max-video-preview":"max-video-preview:-1"},"canonical":"https:\/\/ctltxikilandia.com\/eus\/plan-de-convivencia\/","og_locale":"en_US","og_type":"article","og_title":"PLAN DE CONVIVENCIA - CTL Txikilandia","og_description":"En esta p\u00e1gina encontrar\u00e1s un PDF adjunto con el plan de convivencia de nuestra asociaci\u00f3n.","og_url":"https:\/\/ctltxikilandia.com\/eus\/plan-de-convivencia\/","og_site_name":"CTL Txikilandia","article_publisher":"https:\/\/www.facebook.com\/Txikilandia\/?locale=es_ES","article_modified_time":"2025-06-03T09:35:43+00:00","og_image":[{"width":1200,"height":675,"url":"https:\/\/ctltxikilandia.com\/wp-content\/uploads\/2024\/02\/Imagen-del-sitio.png","type":"image\/png"}],"twitter_card":"summary_large_image","twitter_misc":{"Est. reading time":"1 minutua"},"schema":{"@context":"https:\/\/schema.org","@graph":[{"@type":"WebPage","@id":"https:\/\/ctltxikilandia.com\/plan-de-convivencia\/","url":"https:\/\/ctltxikilandia.com\/plan-de-convivencia\/","name":"PLAN DE CONVIVENCIA - CTL Txikilandia","isPartOf":{"@id":"https:\/\/ctltxikilandia.com\/#website"},"datePublished":"2024-10-02T13:51:15+00:00","dateModified":"2025-06-03T09:35:43+00:00","description":"En esta p\u00e1gina encontrar\u00e1s un PDF adjunto con el plan de convivencia de nuestra asociaci\u00f3n.","breadcrumb":{"@id":"https:\/\/ctltxikilandia.com\/plan-de-convivencia\/#breadcrumb"},"inLanguage":"eu","potentialAction":[{"@type":"ReadAction","target":["https:\/\/ctltxikilandia.com\/plan-de-convivencia\/"]}]},{"@type":"BreadcrumbList","@id":"https:\/\/ctltxikilandia.com\/plan-de-convivencia\/#breadcrumb","itemListElement":[{"@type":"ListItem","position":1,"name":"Home","item":"https:\/\/ctltxikilandia.com\/"},{"@type":"ListItem","position":2,"name":"PLAN DE CONVIVENCIA"}]},{"@type":"WebSite","@id":"https:\/\/ctltxikilandia.com\/#website","url":"https:\/\/ctltxikilandia.com\/","name":"CTL Txikilandia","description":"Pagina web oficial de Club de Tiempo Libre Txikilandia","publisher":{"@id":"https:\/\/ctltxikilandia.com\/#organization"},"alternateName":"CTL Txikilandia","potentialAction":[{"@type":"SearchAction","target":{"@type":"EntryPoint","urlTemplate":"https:\/\/ctltxikilandia.com\/?s={search_term_string}"},"query-input":{"@type":"PropertyValueSpecification","valueRequired":true,"valueName":"search_term_string"}}],"inLanguage":"eu"},{"@type":"Organization","@id":"https:\/\/ctltxikilandia.com\/#organization","name":"CTL Txikilandia","alternateName":"CTL Txikilandia","url":"https:\/\/ctltxikilandia.com\/","logo":{"@type":"ImageObject","inLanguage":"eu","@id":"https:\/\/ctltxikilandia.com\/#\/schema\/logo\/image\/","url":"https:\/\/ctltxikilandia.com\/wp-content\/uploads\/2024\/02\/cropped-Imagen-del-sitio.png","contentUrl":"https:\/\/ctltxikilandia.com\/wp-content\/uploads\/2024\/02\/cropped-Imagen-del-sitio.png","width":512,"height":512,"caption":"CTL Txikilandia"},"image":{"@id":"https:\/\/ctltxikilandia.com\/#\/schema\/logo\/image\/"},"sameAs":["https:\/\/www.facebook.com\/Txikilandia\/?locale=es_ES","https:\/\/www.instagram.com\/ctl.txikilandia\/?hl=es"]}]}},"_links":{"self":[{"href":"https:\/\/ctltxikilandia.com\/eus\/wp-json\/wp\/v2\/pages\/4832","targetHints":{"allow":["GET"]}}],"collection":[{"href":"https:\/\/ctltxikilandia.com\/eus\/wp-json\/wp\/v2\/pages"}],"about":[{"href":"https:\/\/ctltxikilandia.com\/eus\/wp-json\/wp\/v2\/types\/page"}],"author":[{"embeddable":true,"href":"https:\/\/ctltxikilandia.com\/eus\/wp-json\/wp\/v2\/users\/1"}],"replies":[{"embeddable":true,"href":"https:\/\/ctltxikilandia.com\/eus\/wp-json\/wp\/v2\/comments?post=4832"}],"version-history":[{"count":19,"href":"https:\/\/ctltxikilandia.com\/eus\/wp-json\/wp\/v2\/pages\/4832\/revisions"}],"predecessor-version":[{"id":5247,"href":"https:\/\/ctltxikilandia.com\/eus\/wp-json\/wp\/v2\/pages\/4832\/revisions\/5247"}],"wp:attachment":[{"href":"https:\/\/ctltxikilandia.com\/eus\/wp-json\/wp\/v2\/media?parent=4832"}],"wp:term":[{"taxonomy":"wf_page_folders","embeddable":true,"href":"https:\/\/ctltxikilandia.com\/eus\/wp-json\/wp\/v2\/wf_page_folders?post=4832"}],"curies":[{"name":"wp","href":"https:\/\/api.w.org\/{rel}","templated":true}]}}