{"id":53,"date":"2023-08-03T15:22:03","date_gmt":"2023-08-03T15:22:03","guid":{"rendered":"https:\/\/ctltxikilandia.com\/?page_id=53"},"modified":"2024-03-05T13:07:54","modified_gmt":"2024-03-05T13:07:54","slug":"calendario","status":"publish","type":"page","link":"https:\/\/ctltxikilandia.com\/eus\/calendario\/","title":{"rendered":"EGUTEGIA"},"content":{"rendered":"<div data-elementor-type=\"wp-page\" data-elementor-id=\"53\" class=\"elementor elementor-53\" data-elementor-settings=\"{&quot;ha_cmc_init_switcher&quot;:&quot;no&quot;}\">\n\t\t\t\t\t\t<section class=\"elementor-section elementor-top-section elementor-element elementor-element-1ee9251 ct-section-stretched elementor-section-boxed elementor-section-height-default elementor-section-height-default wpr-particle-no wpr-jarallax-no wpr-parallax-no wpr-sticky-section-no wpr-equal-height-no\" data-id=\"1ee9251\" data-element_type=\"section\" data-e-type=\"section\" data-settings=\"{&quot;background_background&quot;:&quot;classic&quot;,&quot;_ha_eqh_enable&quot;:false}\">\n\t\t\t\t\t\t<div class=\"elementor-container elementor-column-gap-default\">\n\t\t\t\t\t<div class=\"elementor-column elementor-col-100 elementor-top-column elementor-element elementor-element-32c8ecf\" data-id=\"32c8ecf\" data-element_type=\"column\" data-e-type=\"column\">\n\t\t\t<div class=\"elementor-widget-wrap elementor-element-populated\">\n\t\t\t\t\t\t<div class=\"elementor-element elementor-element-243e081 elementor-widget elementor-widget-spacer\" data-id=\"243e081\" data-element_type=\"widget\" data-e-type=\"widget\" data-widget_type=\"spacer.default\">\n\t\t\t\t<div class=\"elementor-widget-container\">\n\t\t\t\t\t\t\t<div class=\"elementor-spacer\">\n\t\t\t<div class=\"elementor-spacer-inner\"><\/div>\n\t\t<\/div>\n\t\t\t\t\t\t<\/div>\n\t\t\t\t<\/div>\n\t\t\t\t<div class=\"elementor-element elementor-element-129d520 elementor-widget elementor-widget-heading\" data-id=\"129d520\" data-element_type=\"widget\" data-e-type=\"widget\" data-widget_type=\"heading.default\">\n\t\t\t\t<div class=\"elementor-widget-container\">\n\t\t\t\t\t<h1 class=\"elementor-heading-title elementor-size-default\">EGUTEGIA<\/h1>\t\t\t\t<\/div>\n\t\t\t\t<\/div>\n\t\t\t\t<div class=\"elementor-element elementor-element-36ccd20 elementor-widget elementor-widget-spacer\" data-id=\"36ccd20\" data-element_type=\"widget\" data-e-type=\"widget\" data-widget_type=\"spacer.default\">\n\t\t\t\t<div class=\"elementor-widget-container\">\n\t\t\t\t\t\t\t<div class=\"elementor-spacer\">\n\t\t\t<div class=\"elementor-spacer-inner\"><\/div>\n\t\t<\/div>\n\t\t\t\t\t\t<\/div>\n\t\t\t\t<\/div>\n\t\t\t\t\t<\/div>\n\t\t<\/div>\n\t\t\t\t\t<\/div>\n\t\t<\/section>\n\t\t\t\t<section class=\"elementor-section elementor-top-section elementor-element elementor-element-c1a7b89 elementor-section-boxed elementor-section-height-default elementor-section-height-default wpr-particle-no wpr-jarallax-no wpr-parallax-no wpr-sticky-section-no wpr-equal-height-no\" data-id=\"c1a7b89\" data-element_type=\"section\" data-e-type=\"section\" data-settings=\"{&quot;_ha_eqh_enable&quot;:false}\">\n\t\t\t\t\t\t<div class=\"elementor-container elementor-column-gap-default\">\n\t\t\t\t\t<div class=\"elementor-column elementor-col-100 elementor-top-column elementor-element elementor-element-05078a7\" data-id=\"05078a7\" data-element_type=\"column\" data-e-type=\"column\">\n\t\t\t<div class=\"elementor-widget-wrap elementor-element-populated\">\n\t\t\t\t\t\t<div class=\"elementor-element elementor-element-387313a elementor-widget elementor-widget-spacer\" data-id=\"387313a\" data-element_type=\"widget\" data-e-type=\"widget\" data-widget_type=\"spacer.default\">\n\t\t\t\t<div class=\"elementor-widget-container\">\n\t\t\t\t\t\t\t<div class=\"elementor-spacer\">\n\t\t\t<div class=\"elementor-spacer-inner\"><\/div>\n\t\t<\/div>\n\t\t\t\t\t\t<\/div>\n\t\t\t\t<\/div>\n\t\t\t\t\t<\/div>\n\t\t<\/div>\n\t\t\t\t\t<\/div>\n\t\t<\/section>\n\t\t\t\t<section class=\"elementor-section elementor-top-section elementor-element elementor-element-353b5bf elementor-section-boxed elementor-section-height-default elementor-section-height-default wpr-particle-no wpr-jarallax-no wpr-parallax-no wpr-sticky-section-no wpr-equal-height-no\" data-id=\"353b5bf\" data-element_type=\"section\" data-e-type=\"section\" data-settings=\"{&quot;_ha_eqh_enable&quot;:false}\">\n\t\t\t\t\t\t<div class=\"elementor-container elementor-column-gap-default\">\n\t\t\t\t\t<div class=\"elementor-column elementor-col-100 elementor-top-column elementor-element elementor-element-74342ef\" data-id=\"74342ef\" data-element_type=\"column\" data-e-type=\"column\">\n\t\t\t<div class=\"elementor-widget-wrap elementor-element-populated\">\n\t\t\t\t\t\t<div class=\"elementor-element elementor-element-e9400f9 elementor-widget elementor-widget-text-editor\" data-id=\"e9400f9\" data-element_type=\"widget\" data-e-type=\"widget\" data-widget_type=\"text-editor.default\">\n\t\t\t\t<div class=\"elementor-widget-container\">\n\t\t\t\t\t\t\t\t\t<h6>Consulta nuestro calendario para conocer las fechas de todas nuestras actividades.<\/h6>\t\t\t\t\t\t\t\t<\/div>\n\t\t\t\t<\/div>\n\t\t\t\t\t<\/div>\n\t\t<\/div>\n\t\t\t\t\t<\/div>\n\t\t<\/section>\n\t\t\t\t<section class=\"elementor-section elementor-top-section elementor-element elementor-element-5102075 elementor-section-boxed elementor-section-height-default elementor-section-height-default wpr-particle-no wpr-jarallax-no wpr-parallax-no wpr-sticky-section-no wpr-equal-height-no\" data-id=\"5102075\" data-element_type=\"section\" data-e-type=\"section\" data-settings=\"{&quot;_ha_eqh_enable&quot;:false}\">\n\t\t\t\t\t\t<div class=\"elementor-container elementor-column-gap-default\">\n\t\t\t\t\t<div class=\"elementor-column elementor-col-100 elementor-top-column elementor-element elementor-element-925872f\" data-id=\"925872f\" data-element_type=\"column\" data-e-type=\"column\">\n\t\t\t<div class=\"elementor-widget-wrap elementor-element-populated\">\n\t\t\t\t\t\t<div class=\"elementor-element elementor-element-a514915 elementor-widget elementor-widget-spacer\" data-id=\"a514915\" data-element_type=\"widget\" data-e-type=\"widget\" data-widget_type=\"spacer.default\">\n\t\t\t\t<div class=\"elementor-widget-container\">\n\t\t\t\t\t\t\t<div class=\"elementor-spacer\">\n\t\t\t<div class=\"elementor-spacer-inner\"><\/div>\n\t\t<\/div>\n\t\t\t\t\t\t<\/div>\n\t\t\t\t<\/div>\n\t\t\t\t\t<\/div>\n\t\t<\/div>\n\t\t\t\t\t<\/div>\n\t\t<\/section>\n\t\t\t\t<section class=\"elementor-section elementor-top-section elementor-element elementor-element-f4d6644 elementor-section-boxed elementor-section-height-default elementor-section-height-default wpr-particle-no wpr-jarallax-no wpr-parallax-no wpr-sticky-section-no wpr-equal-height-no\" data-id=\"f4d6644\" data-element_type=\"section\" data-e-type=\"section\" data-settings=\"{&quot;_ha_eqh_enable&quot;:false}\">\n\t\t\t\t\t\t<div class=\"elementor-container elementor-column-gap-default\">\n\t\t\t\t\t<div class=\"elementor-column elementor-col-100 elementor-top-column elementor-element elementor-element-ff545e7\" data-id=\"ff545e7\" data-element_type=\"column\" data-e-type=\"column\">\n\t\t\t<div class=\"elementor-widget-wrap elementor-element-populated\">\n\t\t\t\t\t\t<div class=\"elementor-element elementor-element-9dfb74e elementor-widget elementor-widget-html\" data-id=\"9dfb74e\" data-element_type=\"widget\" data-e-type=\"widget\" data-widget_type=\"html.default\">\n\t\t\t\t<div class=\"elementor-widget-container\">\n\t\t\t\t\t<iframe src=\"https:\/\/calendar.google.com\/calendar\/embed?src=d76f618f47a68ce1201082715206ce466208e89417fcda844404b017eb2f58c3%40group.calendar.google.com&ctz=Europe%2FMadrid\" style=\"border: 0\" width=\"800\" height=\"600\" frameborder=\"0\" scrolling=\"no\"><\/iframe>\t\t\t\t<\/div>\n\t\t\t\t<\/div>\n\t\t\t\t\t<\/div>\n\t\t<\/div>\n\t\t\t\t\t<\/div>\n\t\t<\/section>\n\t\t\t\t<section class=\"elementor-section elementor-top-section elementor-element elementor-element-28dec20 elementor-section-boxed elementor-section-height-default elementor-section-height-default wpr-particle-no wpr-jarallax-no wpr-parallax-no wpr-sticky-section-no wpr-equal-height-no\" data-id=\"28dec20\" data-element_type=\"section\" data-e-type=\"section\" data-settings=\"{&quot;_ha_eqh_enable&quot;:false}\">\n\t\t\t\t\t\t<div class=\"elementor-container elementor-column-gap-default\">\n\t\t\t\t\t<div class=\"elementor-column elementor-col-100 elementor-top-column elementor-element elementor-element-56d90b1\" data-id=\"56d90b1\" data-element_type=\"column\" data-e-type=\"column\">\n\t\t\t<div class=\"elementor-widget-wrap elementor-element-populated\">\n\t\t\t\t\t\t<div class=\"elementor-element elementor-element-2b72eb2 elementor-widget elementor-widget-spacer\" data-id=\"2b72eb2\" data-element_type=\"widget\" data-e-type=\"widget\" data-widget_type=\"spacer.default\">\n\t\t\t\t<div class=\"elementor-widget-container\">\n\t\t\t\t\t\t\t<div class=\"elementor-spacer\">\n\t\t\t<div class=\"elementor-spacer-inner\"><\/div>\n\t\t<\/div>\n\t\t\t\t\t\t<\/div>\n\t\t\t\t<\/div>\n\t\t\t\t\t<\/div>\n\t\t<\/div>\n\t\t\t\t\t<\/div>\n\t\t<\/section>\n\t\t\t\t<\/div>","protected":false},"excerpt":{"rendered":"<p>CALENDARIO Consulta nuestro calendario para conocer las fechas de todas nuestras actividades.<\/p>","protected":false},"author":1,"featured_media":0,"parent":0,"menu_order":0,"comment_status":"closed","ping_status":"closed","template":"","meta":{"_eb_attr":"","footnotes":""},"wf_page_folders":[9],"class_list":["post-53","page","type-page","status-publish","hentry"],"blocksy_meta":[],"yoast_head":"<!-- This site is optimized with the Yoast SEO plugin v27.4 - https:\/\/yoast.com\/product\/yoast-seo-wordpress\/ -->\n<title>CALENDARIO - CTL Txikilandia<\/title>\n<meta name=\"description\" content=\"Calendario de actividades de nuestra asociaci\u00f3n. En \u00e9l se encuentran todas las fechas de los eventos m\u00e1s importantes de CTL Txikilandia.\" \/>\n<meta name=\"robots\" content=\"index, follow, max-snippet:-1, max-image-preview:large, max-video-preview:-1\" \/>\n<link rel=\"canonical\" href=\"https:\/\/ctltxikilandia.com\/eus\/calendario\/\" \/>\n<meta property=\"og:locale\" content=\"en_US\" \/>\n<meta property=\"og:type\" content=\"article\" \/>\n<meta property=\"og:title\" content=\"CALENDARIO - CTL Txikilandia\" \/>\n<meta property=\"og:description\" content=\"Calendario de actividades de nuestra asociaci\u00f3n. En \u00e9l se encuentran todas las fechas de los eventos m\u00e1s importantes de CTL Txikilandia.\" \/>\n<meta property=\"og:url\" content=\"https:\/\/ctltxikilandia.com\/eus\/calendario\/\" \/>\n<meta property=\"og:site_name\" content=\"CTL Txikilandia\" \/>\n<meta property=\"article:publisher\" content=\"https:\/\/www.facebook.com\/Txikilandia\/?locale=es_ES\" \/>\n<meta property=\"article:modified_time\" content=\"2024-03-05T13:07:54+00:00\" \/>\n<meta property=\"og:image\" content=\"https:\/\/ctltxikilandia.com\/wp-content\/uploads\/2024\/02\/Imagen-del-sitio.png\" \/>\n\t<meta property=\"og:image:width\" content=\"1200\" \/>\n\t<meta property=\"og:image:height\" content=\"675\" \/>\n\t<meta property=\"og:image:type\" content=\"image\/png\" \/>\n<meta name=\"twitter:card\" content=\"summary_large_image\" \/>\n<meta name=\"twitter:label1\" content=\"Est. reading time\" \/>\n\t<meta name=\"twitter:data1\" content=\"1 minutua\" \/>\n<script type=\"application\/ld+json\" class=\"yoast-schema-graph\">{\"@context\":\"https:\\\/\\\/schema.org\",\"@graph\":[{\"@type\":\"WebPage\",\"@id\":\"https:\\\/\\\/ctltxikilandia.com\\\/calendario\\\/\",\"url\":\"https:\\\/\\\/ctltxikilandia.com\\\/calendario\\\/\",\"name\":\"CALENDARIO - CTL Txikilandia\",\"isPartOf\":{\"@id\":\"https:\\\/\\\/ctltxikilandia.com\\\/#website\"},\"datePublished\":\"2023-08-03T15:22:03+00:00\",\"dateModified\":\"2024-03-05T13:07:54+00:00\",\"description\":\"Calendario de actividades de nuestra asociaci\u00f3n. En \u00e9l se encuentran todas las fechas de los eventos m\u00e1s importantes de CTL Txikilandia.\",\"breadcrumb\":{\"@id\":\"https:\\\/\\\/ctltxikilandia.com\\\/calendario\\\/#breadcrumb\"},\"inLanguage\":\"eu\",\"potentialAction\":[{\"@type\":\"ReadAction\",\"target\":[\"https:\\\/\\\/ctltxikilandia.com\\\/calendario\\\/\"]}]},{\"@type\":\"BreadcrumbList\",\"@id\":\"https:\\\/\\\/ctltxikilandia.com\\\/calendario\\\/#breadcrumb\",\"itemListElement\":[{\"@type\":\"ListItem\",\"position\":1,\"name\":\"Home\",\"item\":\"https:\\\/\\\/ctltxikilandia.com\\\/\"},{\"@type\":\"ListItem\",\"position\":2,\"name\":\"CALENDARIO\"}]},{\"@type\":\"WebSite\",\"@id\":\"https:\\\/\\\/ctltxikilandia.com\\\/#website\",\"url\":\"https:\\\/\\\/ctltxikilandia.com\\\/\",\"name\":\"CTL Txikilandia\",\"description\":\"Pagina web oficial de Club de Tiempo Libre Txikilandia\",\"publisher\":{\"@id\":\"https:\\\/\\\/ctltxikilandia.com\\\/#organization\"},\"alternateName\":\"CTL Txikilandia\",\"potentialAction\":[{\"@type\":\"SearchAction\",\"target\":{\"@type\":\"EntryPoint\",\"urlTemplate\":\"https:\\\/\\\/ctltxikilandia.com\\\/?s={search_term_string}\"},\"query-input\":{\"@type\":\"PropertyValueSpecification\",\"valueRequired\":true,\"valueName\":\"search_term_string\"}}],\"inLanguage\":\"eu\"},{\"@type\":\"Organization\",\"@id\":\"https:\\\/\\\/ctltxikilandia.com\\\/#organization\",\"name\":\"CTL Txikilandia\",\"alternateName\":\"CTL Txikilandia\",\"url\":\"https:\\\/\\\/ctltxikilandia.com\\\/\",\"logo\":{\"@type\":\"ImageObject\",\"inLanguage\":\"eu\",\"@id\":\"https:\\\/\\\/ctltxikilandia.com\\\/#\\\/schema\\\/logo\\\/image\\\/\",\"url\":\"https:\\\/\\\/ctltxikilandia.com\\\/wp-content\\\/uploads\\\/2024\\\/02\\\/cropped-Imagen-del-sitio.png\",\"contentUrl\":\"https:\\\/\\\/ctltxikilandia.com\\\/wp-content\\\/uploads\\\/2024\\\/02\\\/cropped-Imagen-del-sitio.png\",\"width\":512,\"height\":512,\"caption\":\"CTL Txikilandia\"},\"image\":{\"@id\":\"https:\\\/\\\/ctltxikilandia.com\\\/#\\\/schema\\\/logo\\\/image\\\/\"},\"sameAs\":[\"https:\\\/\\\/www.facebook.com\\\/Txikilandia\\\/?locale=es_ES\",\"https:\\\/\\\/www.instagram.com\\\/ctl.txikilandia\\\/?hl=es\"]}]}<\/script>\n<!-- \/ Yoast SEO plugin. -->","yoast_head_json":{"title":"CALENDARIO - CTL Txikilandia","description":"Calendario de actividades de nuestra asociaci\u00f3n. En \u00e9l se encuentran todas las fechas de los eventos m\u00e1s importantes de CTL Txikilandia.","robots":{"index":"index","follow":"follow","max-snippet":"max-snippet:-1","max-image-preview":"max-image-preview:large","max-video-preview":"max-video-preview:-1"},"canonical":"https:\/\/ctltxikilandia.com\/eus\/calendario\/","og_locale":"en_US","og_type":"article","og_title":"CALENDARIO - CTL Txikilandia","og_description":"Calendario de actividades de nuestra asociaci\u00f3n. En \u00e9l se encuentran todas las fechas de los eventos m\u00e1s importantes de CTL Txikilandia.","og_url":"https:\/\/ctltxikilandia.com\/eus\/calendario\/","og_site_name":"CTL Txikilandia","article_publisher":"https:\/\/www.facebook.com\/Txikilandia\/?locale=es_ES","article_modified_time":"2024-03-05T13:07:54+00:00","og_image":[{"width":1200,"height":675,"url":"https:\/\/ctltxikilandia.com\/wp-content\/uploads\/2024\/02\/Imagen-del-sitio.png","type":"image\/png"}],"twitter_card":"summary_large_image","twitter_misc":{"Est. reading time":"1 minutua"},"schema":{"@context":"https:\/\/schema.org","@graph":[{"@type":"WebPage","@id":"https:\/\/ctltxikilandia.com\/calendario\/","url":"https:\/\/ctltxikilandia.com\/calendario\/","name":"CALENDARIO - CTL Txikilandia","isPartOf":{"@id":"https:\/\/ctltxikilandia.com\/#website"},"datePublished":"2023-08-03T15:22:03+00:00","dateModified":"2024-03-05T13:07:54+00:00","description":"Calendario de actividades de nuestra asociaci\u00f3n. En \u00e9l se encuentran todas las fechas de los eventos m\u00e1s importantes de CTL Txikilandia.","breadcrumb":{"@id":"https:\/\/ctltxikilandia.com\/calendario\/#breadcrumb"},"inLanguage":"eu","potentialAction":[{"@type":"ReadAction","target":["https:\/\/ctltxikilandia.com\/calendario\/"]}]},{"@type":"BreadcrumbList","@id":"https:\/\/ctltxikilandia.com\/calendario\/#breadcrumb","itemListElement":[{"@type":"ListItem","position":1,"name":"Home","item":"https:\/\/ctltxikilandia.com\/"},{"@type":"ListItem","position":2,"name":"CALENDARIO"}]},{"@type":"WebSite","@id":"https:\/\/ctltxikilandia.com\/#website","url":"https:\/\/ctltxikilandia.com\/","name":"CTL Txikilandia","description":"Pagina web oficial de Club de Tiempo Libre Txikilandia","publisher":{"@id":"https:\/\/ctltxikilandia.com\/#organization"},"alternateName":"CTL Txikilandia","potentialAction":[{"@type":"SearchAction","target":{"@type":"EntryPoint","urlTemplate":"https:\/\/ctltxikilandia.com\/?s={search_term_string}"},"query-input":{"@type":"PropertyValueSpecification","valueRequired":true,"valueName":"search_term_string"}}],"inLanguage":"eu"},{"@type":"Organization","@id":"https:\/\/ctltxikilandia.com\/#organization","name":"CTL Txikilandia","alternateName":"CTL Txikilandia","url":"https:\/\/ctltxikilandia.com\/","logo":{"@type":"ImageObject","inLanguage":"eu","@id":"https:\/\/ctltxikilandia.com\/#\/schema\/logo\/image\/","url":"https:\/\/ctltxikilandia.com\/wp-content\/uploads\/2024\/02\/cropped-Imagen-del-sitio.png","contentUrl":"https:\/\/ctltxikilandia.com\/wp-content\/uploads\/2024\/02\/cropped-Imagen-del-sitio.png","width":512,"height":512,"caption":"CTL Txikilandia"},"image":{"@id":"https:\/\/ctltxikilandia.com\/#\/schema\/logo\/image\/"},"sameAs":["https:\/\/www.facebook.com\/Txikilandia\/?locale=es_ES","https:\/\/www.instagram.com\/ctl.txikilandia\/?hl=es"]}]}},"_links":{"self":[{"href":"https:\/\/ctltxikilandia.com\/eus\/wp-json\/wp\/v2\/pages\/53","targetHints":{"allow":["GET"]}}],"collection":[{"href":"https:\/\/ctltxikilandia.com\/eus\/wp-json\/wp\/v2\/pages"}],"about":[{"href":"https:\/\/ctltxikilandia.com\/eus\/wp-json\/wp\/v2\/types\/page"}],"author":[{"embeddable":true,"href":"https:\/\/ctltxikilandia.com\/eus\/wp-json\/wp\/v2\/users\/1"}],"replies":[{"embeddable":true,"href":"https:\/\/ctltxikilandia.com\/eus\/wp-json\/wp\/v2\/comments?post=53"}],"version-history":[{"count":1,"href":"https:\/\/ctltxikilandia.com\/eus\/wp-json\/wp\/v2\/pages\/53\/revisions"}],"predecessor-version":[{"id":3737,"href":"https:\/\/ctltxikilandia.com\/eus\/wp-json\/wp\/v2\/pages\/53\/revisions\/3737"}],"wp:attachment":[{"href":"https:\/\/ctltxikilandia.com\/eus\/wp-json\/wp\/v2\/media?parent=53"}],"wp:term":[{"taxonomy":"wf_page_folders","embeddable":true,"href":"https:\/\/ctltxikilandia.com\/eus\/wp-json\/wp\/v2\/wf_page_folders?post=53"}],"curies":[{"name":"wp","href":"https:\/\/api.w.org\/{rel}","templated":true}]}}